{"id":178,"date":"2016-07-16T12:12:17","date_gmt":"2016-07-16T10:12:17","guid":{"rendered":"http:\/\/grnelinde.alfahosting.org\/ttgll_1990\/?page_id=178"},"modified":"2024-10-13T17:19:59","modified_gmt":"2024-10-13T15:19:59","slug":"3-herren","status":"publish","type":"page","link":"http:\/\/www.ttv-liebertwolkwitz.com\/?page_id=178","title":{"rendered":"3. Herrenmannschaft"},"content":{"rendered":"<p><img loading=\"lazy\" decoding=\"async\" src=\"http:\/\/grnelinde.alfahosting.org\/ttgll_1990\/wp-content\/uploads\/2024\/10\/3Herren2425.jpg\" alt=\"\" width=\"562\" height=\"423\" class=\"aligncenter size-full wp-image-633\" \/><\/p>\n<p style=\"font-size: 10px; text-align: center;\">v.l. S. L\u00fctzner, C. H\u00fcbner, I. Nietzold, H. Rauche <\/p>\n<p><center><\/p>\n<table>\n<tbody>\n<tr>\n<td>Pos. 3.1<\/td>\n<td>Dr. Bogner, Ingolf<\/td>\n<td style=\"width: 50px;\"><\/td>\n<td>Pos. 3.3<\/td>\n<td>Rauche, Henry<\/td>\n<\/tr>\n<tr>\n<td>Pos. 3.2<\/td>\n<td>L\u00fctzner, Steffen<\/td>\n<td style=\"width: 50px;\"><\/td>\n<td>Pos. 3.4<\/td>\n<td>H\u00fcbner, Christian\/td><br \/>\n<\/tr>\n<tr>\n<td><\/td>\n<td><\/td>\n<td style=\"width: 50px;\"><\/td>\n<td>Pos. 3.5<\/td>\n<td>Dr. Nietzold, Ingo\/td><br \/>\n<\/tr>\n<\/tbody>\n<\/table>\n<p><\/p>\n<table>\n<tbody>\n<tr>\n<td>Spielklasse:<\/td>\n<td><a href=\"https:\/\/leipzig-stadt.tischtennislive.de\/?L1=Ergebnisse&#038;L2=TTStaffeln&#038;L2P=19241\">1. Stadtklasse Gruppe 2<\/a><\/td>\n<\/tr>\n<\/tbody>\n<\/table>\n<p><\/center><\/p>\n","protected":false},"excerpt":{"rendered":"<p>v.l. S. L\u00fctzner, C. H\u00fcbner, I. Nietzold, H. Rauche Pos. 3.1 Dr. Bogner, Ingolf Pos. 3.3 Rauche, Henry Pos. 3.2 L\u00fctzner, Steffen Pos. 3.4 H\u00fcbner, Christian\/td> Pos. 3.5 Dr. Nietzold, Ingo\/td> Spielklasse: 1. Stadtklasse Gruppe 2<\/p>\n","protected":false},"author":1,"featured_media":0,"parent":0,"menu_order":0,"comment_status":"closed","ping_status":"closed","template":"","meta":{"footnotes":""},"class_list":["post-178","page","type-page","status-publish","hentry"],"_links":{"self":[{"href":"http:\/\/www.ttv-liebertwolkwitz.com\/index.php?rest_route=\/wp\/v2\/pages\/178","targetHints":{"allow":["GET"]}}],"collection":[{"href":"http:\/\/www.ttv-liebertwolkwitz.com\/index.php?rest_route=\/wp\/v2\/pages"}],"about":[{"href":"http:\/\/www.ttv-liebertwolkwitz.com\/index.php?rest_route=\/wp\/v2\/types\/page"}],"author":[{"embeddable":true,"href":"http:\/\/www.ttv-liebertwolkwitz.com\/index.php?rest_route=\/wp\/v2\/users\/1"}],"replies":[{"embeddable":true,"href":"http:\/\/www.ttv-liebertwolkwitz.com\/index.php?rest_route=%2Fwp%2Fv2%2Fcomments&post=178"}],"version-history":[{"count":23,"href":"http:\/\/www.ttv-liebertwolkwitz.com\/index.php?rest_route=\/wp\/v2\/pages\/178\/revisions"}],"predecessor-version":[{"id":799,"href":"http:\/\/www.ttv-liebertwolkwitz.com\/index.php?rest_route=\/wp\/v2\/pages\/178\/revisions\/799"}],"wp:attachment":[{"href":"http:\/\/www.ttv-liebertwolkwitz.com\/index.php?rest_route=%2Fwp%2Fv2%2Fmedia&parent=178"}],"curies":[{"name":"wp","href":"https:\/\/api.w.org\/{rel}","templated":true}]}}