{"id":197,"date":"2016-07-16T12:31:09","date_gmt":"2016-07-16T10:31:09","guid":{"rendered":"http:\/\/grnelinde.alfahosting.org\/ttgll_1990\/?page_id=197"},"modified":"2022-10-17T19:53:37","modified_gmt":"2022-10-17T17:53:37","slug":"der-vorstand","status":"publish","type":"page","link":"http:\/\/www.ttv-liebertwolkwitz.com\/?page_id=197","title":{"rendered":"Der Vorstand"},"content":{"rendered":"<p>Der Verein wird aktuell von 6 Sportfreunden im Vorstand vertreten und arbeitet schon viele Jahre vertrauensvoll zusammen. Nachdem im Jahr 2017 unser langj\u00e4hrige Vereinsvorsitzende und Kassenwart, Roland Rei\u00dfig aus dem Vorstand verabschiedet wurde, hat Frank M\u00fcller die verantwortungsvolle Aufgabe des Kassenwarts \u00fcbernommen.<br \/>\n&nbsp;<br \/>\n<img loading=\"lazy\" decoding=\"async\" class=\"align center size-full wp-image-503 aligncenter\" src=\"http:\/\/grnelinde.alfahosting.org\/ttgll_1990\/wp-content\/uploads\/2019\/09\/Vorstand-2019.jpg\" alt=\"\" width=\"562\" height=\"423\" srcset=\"http:\/\/grnelinde.alfahosting.org\/ttgll_1990\/wp-content\/uploads\/2019\/09\/Vorstand-2019.jpg 562w, http:\/\/grnelinde.alfahosting.org\/ttgll_1990\/wp-content\/uploads\/2019\/09\/Vorstand-2019-300x226.jpg 300w\" sizes=\"auto, (max-width: 562px) 100vw, 562px\" \/><\/p>\n<p style=\"font-size: 10px; text-align: center;\">v.l. Hendrik Daute, Marcel Sebastian, Dr. Ingolf Bogner, Frank M\u00fcller, Henry Schade, Lars W\u00fcnsch<\/p>\n<p>&nbsp;<\/p>\n<table align=\"center\">\n<tbody>\n<tr>\n<td>Lars W\u00fcnsch<\/td>\n<td style=\"padding-left: 40px;\"><\/td>\n<td>1. Vorsitzender<\/td>\n<\/tr>\n<tr>\n<td>Hendrik Daute<\/td>\n<td><\/td>\n<td>2. Vorsitzender + Schriftf\u00fchrer<\/td>\n<\/tr>\n<tr>\n<td>Marcel Sebastian<\/td>\n<td><\/td>\n<td>Materialwart<\/td>\n<\/tr>\n<tr>\n<td>Frank M\u00fcller<\/td>\n<td><\/td>\n<td>Kassenwart<\/td>\n<\/tr>\n<tr>\n<td>Ingolf Bogner<\/td>\n<td><\/td>\n<td>Sportwart Herren<\/td>\n<\/tr>\n<tr>\n<td>Henry Rauche<\/td>\n<td><\/td>\n<td>Sportwart Jugend<\/td>\n<\/tr>\n<\/tbody>\n<\/table>\n","protected":false},"excerpt":{"rendered":"<p>Der Verein wird aktuell von 6 Sportfreunden im Vorstand vertreten und arbeitet schon viele Jahre vertrauensvoll zusammen. Nachdem im Jahr 2017 unser langj\u00e4hrige Vereinsvorsitzende und Kassenwart, Roland Rei\u00dfig aus dem Vorstand verabschiedet wurde, hat Frank M\u00fcller die verantwortungsvolle Aufgabe des Kassenwarts \u00fcbernommen. &nbsp; v.l. Hendrik Daute, Marcel Sebastian, Dr. Ingolf Bogner, Frank M\u00fcller, Henry Schade, [&hellip;]<\/p>\n","protected":false},"author":1,"featured_media":0,"parent":0,"menu_order":0,"comment_status":"closed","ping_status":"closed","template":"","meta":{"footnotes":""},"class_list":["post-197","page","type-page","status-publish","hentry"],"_links":{"self":[{"href":"http:\/\/www.ttv-liebertwolkwitz.com\/index.php?rest_route=\/wp\/v2\/pages\/197","targetHints":{"allow":["GET"]}}],"collection":[{"href":"http:\/\/www.ttv-liebertwolkwitz.com\/index.php?rest_route=\/wp\/v2\/pages"}],"about":[{"href":"http:\/\/www.ttv-liebertwolkwitz.com\/index.php?rest_route=\/wp\/v2\/types\/page"}],"author":[{"embeddable":true,"href":"http:\/\/www.ttv-liebertwolkwitz.com\/index.php?rest_route=\/wp\/v2\/users\/1"}],"replies":[{"embeddable":true,"href":"http:\/\/www.ttv-liebertwolkwitz.com\/index.php?rest_route=%2Fwp%2Fv2%2Fcomments&post=197"}],"version-history":[{"count":24,"href":"http:\/\/www.ttv-liebertwolkwitz.com\/index.php?rest_route=\/wp\/v2\/pages\/197\/revisions"}],"predecessor-version":[{"id":657,"href":"http:\/\/www.ttv-liebertwolkwitz.com\/index.php?rest_route=\/wp\/v2\/pages\/197\/revisions\/657"}],"wp:attachment":[{"href":"http:\/\/www.ttv-liebertwolkwitz.com\/index.php?rest_route=%2Fwp%2Fv2%2Fmedia&parent=197"}],"curies":[{"name":"wp","href":"https:\/\/api.w.org\/{rel}","templated":true}]}}