{"id":21,"date":"2016-01-17T12:54:21","date_gmt":"2016-01-17T11:54:21","guid":{"rendered":"http:\/\/grnelinde.alfahosting.org\/ttgll_1990\/?page_id=21"},"modified":"2023-12-17T17:14:31","modified_gmt":"2023-12-17T16:14:31","slug":"startseite","status":"publish","type":"page","link":"http:\/\/www.ttv-liebertwolkwitz.com\/","title":{"rendered":"Startseite"},"content":{"rendered":"<p><img loading=\"lazy\" decoding=\"async\" class=\"aligncenter size-full wp-image-681\" src=\"http:\/\/grnelinde.alfahosting.org\/ttgll_1990\/wp-content\/uploads\/2023\/10\/Startseite-scaled.jpg\" alt=\"\" width=\"2560\" height=\"1271\" srcset=\"http:\/\/grnelinde.alfahosting.org\/ttgll_1990\/wp-content\/uploads\/2023\/10\/Startseite-scaled.jpg 2560w, http:\/\/grnelinde.alfahosting.org\/ttgll_1990\/wp-content\/uploads\/2023\/10\/Startseite-300x149.jpg 300w, http:\/\/grnelinde.alfahosting.org\/ttgll_1990\/wp-content\/uploads\/2023\/10\/Startseite-1024x509.jpg 1024w, http:\/\/grnelinde.alfahosting.org\/ttgll_1990\/wp-content\/uploads\/2023\/10\/Startseite-768x381.jpg 768w, http:\/\/grnelinde.alfahosting.org\/ttgll_1990\/wp-content\/uploads\/2023\/10\/Startseite-1536x763.jpg 1536w, http:\/\/grnelinde.alfahosting.org\/ttgll_1990\/wp-content\/uploads\/2023\/10\/Startseite-2048x1017.jpg 2048w\" sizes=\"auto, (max-width: 2560px) 100vw, 2560px\" \/><\/p>\n<h2><strong>Sch\u00f6n, dass Sie vorbeischauen!<\/strong><\/h2>\n<p>\nMit unserer Homepage m\u00f6chten wir Ihnen unseren Verein n\u00e4her vorstellen, \u00fcber Spiel- und Trainingsbetrieb sowie Veranstaltungen sportlicher und geselliger Natur innerhalb unseres Vereins informieren, die wenigen notwendigen administrativen Dinge vereinfachen und die Kontaktaufnahme mit den Verantwortlichen erleichtern.<br \/>\n<br \/>\nViel Spass auf unserer Webseite und auf ein baldiges Wiedersehen.<br \/>\n<br \/>\nHerzlichst Ihr<br \/>\n<br \/>\nLars W\u00fcnsch<br \/>\n(Vorsitzender)<\/p>\n","protected":false},"excerpt":{"rendered":"<p>Sch\u00f6n, dass Sie vorbeischauen! Mit unserer Homepage m\u00f6chten wir Ihnen unseren Verein n\u00e4her vorstellen, \u00fcber Spiel- und Trainingsbetrieb sowie Veranstaltungen sportlicher und geselliger Natur innerhalb unseres Vereins informieren, die wenigen notwendigen administrativen Dinge vereinfachen und die Kontaktaufnahme mit den Verantwortlichen erleichtern. Viel Spass auf unserer Webseite und auf ein baldiges Wiedersehen. Herzlichst Ihr Lars W\u00fcnsch [&hellip;]<\/p>\n","protected":false},"author":1,"featured_media":0,"parent":0,"menu_order":0,"comment_status":"closed","ping_status":"closed","template":"","meta":{"footnotes":""},"class_list":["post-21","page","type-page","status-publish","hentry"],"_links":{"self":[{"href":"http:\/\/www.ttv-liebertwolkwitz.com\/index.php?rest_route=\/wp\/v2\/pages\/21","targetHints":{"allow":["GET"]}}],"collection":[{"href":"http:\/\/www.ttv-liebertwolkwitz.com\/index.php?rest_route=\/wp\/v2\/pages"}],"about":[{"href":"http:\/\/www.ttv-liebertwolkwitz.com\/index.php?rest_route=\/wp\/v2\/types\/page"}],"author":[{"embeddable":true,"href":"http:\/\/www.ttv-liebertwolkwitz.com\/index.php?rest_route=\/wp\/v2\/users\/1"}],"replies":[{"embeddable":true,"href":"http:\/\/www.ttv-liebertwolkwitz.com\/index.php?rest_route=%2Fwp%2Fv2%2Fcomments&post=21"}],"version-history":[{"count":27,"href":"http:\/\/www.ttv-liebertwolkwitz.com\/index.php?rest_route=\/wp\/v2\/pages\/21\/revisions"}],"predecessor-version":[{"id":737,"href":"http:\/\/www.ttv-liebertwolkwitz.com\/index.php?rest_route=\/wp\/v2\/pages\/21\/revisions\/737"}],"wp:attachment":[{"href":"http:\/\/www.ttv-liebertwolkwitz.com\/index.php?rest_route=%2Fwp%2Fv2%2Fmedia&parent=21"}],"curies":[{"name":"wp","href":"https:\/\/api.w.org\/{rel}","templated":true}]}}