{"id":27,"date":"2016-01-17T12:58:23","date_gmt":"2016-01-17T11:58:23","guid":{"rendered":"http:\/\/grnelinde.alfahosting.org\/ttgll_1990\/?page_id=27"},"modified":"2024-10-13T17:21:34","modified_gmt":"2024-10-13T15:21:34","slug":"die-mannschaften","status":"publish","type":"page","link":"http:\/\/www.ttv-liebertwolkwitz.com\/?page_id=27","title":{"rendered":"1. Herrenmannschaft"},"content":{"rendered":"<p><img loading=\"lazy\" decoding=\"async\" src=\"http:\/\/grnelinde.alfahosting.org\/ttgll_1990\/wp-content\/uploads\/2024\/10\/1Herren2425-scaled.jpg\" alt=\"\" width=\"562\" height=\"423\" class=\"aligncenter size-full wp-image-628\" \/><\/p>\n<p style=\"font-size: 10px; text-align: center;\">v.l.  H. Daute, T. Wendler, H. Rieger, S. R\u00e4ndler, M. Sebastian, L. W\u00fcnsch<\/p>\n<p><center><\/p>\n<table>\n<tbody>\n<tr>\n<td>Pos. 1.1<\/td>\n<td>Daute, Hendrik<\/td>\n<td style=\"width: 50px;\"><\/td>\n<td>Pos. 1.4<\/td>\n<td>W\u00fcnsch, Larsk<\/td>\n<\/tr>\n<tr>\n<td>Pos. 1.2<\/td>\n<td>Raendler, Sebastian<\/td>\n<td style=\"width: 50px;\"><\/td>\n<td>Pos. 1.5<\/td>\n<td>Wendler, Thomas<\/td>\n<\/tr>\n<tr>\n<td>Pos. 1.3<\/td>\n<td>Sebastian, Marcel<\/td>\n<td style=\"width: 50px;\"><\/td>\n<td>Pos. 1.6<\/td>\n<td>Rieger, Henry<\/td>\n<\/tr>\n<\/tbody>\n<\/table>\n<p>&nbsp;<\/p>\n<table>\n<tbody>\n<tr>\n<td>Spielklasse:<\/td>\n<td><a href=\"https:\/\/leipzig.tischtennislive.de\/?L1=Ergebnisse&#038;L2=TTStaffeln&#038;L2P=19108\">Bezirksklasse Herren, Gruppe 1<\/a><\/td>\n<\/tr>\n<\/tbody>\n<\/table>\n<p><\/center><br \/>\n&nbsp;<\/p>\n","protected":false},"excerpt":{"rendered":"<p>v.l. H. Daute, T. Wendler, H. Rieger, S. R\u00e4ndler, M. Sebastian, L. W\u00fcnsch Pos. 1.1 Daute, Hendrik Pos. 1.4 W\u00fcnsch, Larsk Pos. 1.2 Raendler, Sebastian Pos. 1.5 Wendler, Thomas Pos. 1.3 Sebastian, Marcel Pos. 1.6 Rieger, Henry &nbsp; Spielklasse: Bezirksklasse Herren, Gruppe 1 &nbsp;<\/p>\n","protected":false},"author":1,"featured_media":0,"parent":0,"menu_order":0,"comment_status":"closed","ping_status":"closed","template":"","meta":{"footnotes":""},"class_list":["post-27","page","type-page","status-publish","hentry"],"_links":{"self":[{"href":"http:\/\/www.ttv-liebertwolkwitz.com\/index.php?rest_route=\/wp\/v2\/pages\/27","targetHints":{"allow":["GET"]}}],"collection":[{"href":"http:\/\/www.ttv-liebertwolkwitz.com\/index.php?rest_route=\/wp\/v2\/pages"}],"about":[{"href":"http:\/\/www.ttv-liebertwolkwitz.com\/index.php?rest_route=\/wp\/v2\/types\/page"}],"author":[{"embeddable":true,"href":"http:\/\/www.ttv-liebertwolkwitz.com\/index.php?rest_route=\/wp\/v2\/users\/1"}],"replies":[{"embeddable":true,"href":"http:\/\/www.ttv-liebertwolkwitz.com\/index.php?rest_route=%2Fwp%2Fv2%2Fcomments&post=27"}],"version-history":[{"count":104,"href":"http:\/\/www.ttv-liebertwolkwitz.com\/index.php?rest_route=\/wp\/v2\/pages\/27\/revisions"}],"predecessor-version":[{"id":800,"href":"http:\/\/www.ttv-liebertwolkwitz.com\/index.php?rest_route=\/wp\/v2\/pages\/27\/revisions\/800"}],"wp:attachment":[{"href":"http:\/\/www.ttv-liebertwolkwitz.com\/index.php?rest_route=%2Fwp%2Fv2%2Fmedia&parent=27"}],"curies":[{"name":"wp","href":"https:\/\/api.w.org\/{rel}","templated":true}]}}